{"id":423,"date":"2023-06-01T15:43:57","date_gmt":"2023-06-01T15:43:57","guid":{"rendered":"http:\/\/kouperfks.com\/fr\/?page_id=423"},"modified":"2023-07-06T16:11:43","modified_gmt":"2023-07-06T16:11:43","slug":"accueil","status":"publish","type":"page","link":"http:\/\/kouperfks.com\/fr\/","title":{"rendered":"ACCUEIL"},"content":{"rendered":"<p>[et_pb_section fb_built=\u00a0\u00bb1&Prime; fullwidth=\u00a0\u00bbon\u00a0\u00bb _builder_version=\u00a0\u00bb4.20.2&Prime; _module_preset=\u00a0\u00bbdefault\u00a0\u00bb global_colors_info=\u00a0\u00bb{}\u00a0\u00bb][et_pb_fullwidth_slider use_bg_overlay=\u00a0\u00bbon\u00a0\u00bb bg_overlay_color=\u00a0\u00bbrgba(10,10,10,0.03)\u00a0\u00bb _builder_version=\u00a0\u00bb4.21.0&Prime; _module_preset=\u00a0\u00bbdefault\u00a0\u00bb body_font_size=\u00a0\u00bb20px\u00a0\u00bb module_alignment=\u00a0\u00bbcenter\u00a0\u00bb global_colors_info=\u00a0\u00bb{}\u00a0\u00bb][et_pb_slide heading=\u00a0\u00bbLa mode est con\u00e7ue avec exclusivit\u00e9\u00a0\u00bb use_bg_overlay=\u00a0\u00bbon\u00a0\u00bb bg_overlay_color=\u00a0\u00bbrgba(10,0,0,0.33)\u00a0\u00bb use_text_overlay=\u00a0\u00bboff\u00a0\u00bb _builder_version=\u00a0\u00bb4.21.0&Prime; _module_preset=\u00a0\u00bbdefault\u00a0\u00bb background_image=\u00a0\u00bbhttp:\/\/kouperfks.com\/fr\/wp-content\/uploads\/2023\/06\/BgBikini-scaled.jpg\u00a0\u00bb background_enable_image=\u00a0\u00bbon\u00a0\u00bb text_orientation=\u00a0\u00bbleft\u00a0\u00bb custom_padding=\u00a0\u00bb|30%|||false|false\u00a0\u00bb custom_padding_tablet=\u00a0\u00bb|30%|||false|false\u00a0\u00bb custom_padding_phone=\u00a0\u00bb|30%|||false|false\u00a0\u00bb custom_padding_last_edited=\u00a0\u00bbon|phone\u00a0\u00bb global_colors_info=\u00a0\u00bb{}\u00a0\u00bb sticky_transition=\u00a0\u00bbon\u00a0\u00bb]<\/p>\n<p>Nous concevons et fournissons \u00e0 nos clients des articles de mode tr\u00e8s tendance.<\/p>\n<p>[\/et_pb_slide][et_pb_slide heading=\u00a0\u00bbSous-v\u00eatements pour lui\u00a0\u00bb use_bg_overlay=\u00a0\u00bbon\u00a0\u00bb bg_overlay_color=\u00a0\u00bbrgba(10,0,0,0.33)\u00a0\u00bb use_text_overlay=\u00a0\u00bboff\u00a0\u00bb _builder_version=\u00a0\u00bb4.21.0&Prime; _module_preset=\u00a0\u00bbdefault\u00a0\u00bb background_color=\u00a0\u00bbRGBA(255,255,255,0)\u00a0\u00bb background_enable_color=\u00a0\u00bbon\u00a0\u00bb background_image=\u00a0\u00bbhttp:\/\/kouperfks.com\/fr\/wp-content\/uploads\/2023\/06\/BgUnderwear-scaled.jpg\u00a0\u00bb background_enable_image=\u00a0\u00bbon\u00a0\u00bb text_orientation=\u00a0\u00bbleft\u00a0\u00bb custom_padding=\u00a0\u00bb|55%|||false|false\u00a0\u00bb custom_padding_tablet=\u00a0\u00bb||100px||false|false\u00a0\u00bb custom_padding_phone=\u00a0\u00bb|0px|||false|false\u00a0\u00bb custom_padding_last_edited=\u00a0\u00bbon|desktop\u00a0\u00bb box_shadow_style_image=\u00a0\u00bbpreset1&Prime; box_shadow_horizontal_image=\u00a0\u00bb17px\u00a0\u00bb box_shadow_vertical_image=\u00a0\u00bb17px\u00a0\u00bb box_shadow_spread_image=\u00a0\u00bb-10px\u00a0\u00bb global_colors_info=\u00a0\u00bb{}\u00a0\u00bb sticky_transition=\u00a0\u00bbon\u00a0\u00bb]<\/p>\n<p>Des gar\u00e7ons aux hommes, nous proposons des programmes bas\u00e9s sur le volume pour les sous-v\u00eatements vendus dans toute l&rsquo;Am\u00e9rique du Nord.<\/p>\n<p>[\/et_pb_slide][et_pb_slide heading=\u00a0\u00bbNotre savoir-faire est reconnu depuis plus de quatre d\u00e9cennies\u00a0\u00bb use_bg_overlay=\u00a0\u00bbon\u00a0\u00bb bg_overlay_color=\u00a0\u00bbrgba(10,0,0,0.33)\u00a0\u00bb use_text_overlay=\u00a0\u00bboff\u00a0\u00bb _builder_version=\u00a0\u00bb4.21.0&Prime; _module_preset=\u00a0\u00bbdefault\u00a0\u00bb header_text_align=\u00a0\u00bbleft\u00a0\u00bb body_font_size=\u00a0\u00bb18px\u00a0\u00bb background_image=\u00a0\u00bbhttp:\/\/kouperfks.com\/fr\/wp-content\/uploads\/2023\/06\/BgSewing-scaled.jpg\u00a0\u00bb background_enable_image=\u00a0\u00bbon\u00a0\u00bb text_orientation=\u00a0\u00bbleft\u00a0\u00bb custom_padding=\u00a0\u00bb|30%|||false|false\u00a0\u00bb custom_padding_tablet=\u00a0\u00bb||||false|false\u00a0\u00bb custom_padding_phone=\u00a0\u00bb|50%|||false|false\u00a0\u00bb custom_padding_last_edited=\u00a0\u00bbon|desktop\u00a0\u00bb global_colors_info=\u00a0\u00bb{}\u00a0\u00bb sticky_transition=\u00a0\u00bbon\u00a0\u00bb]<\/p>\n<p>Nous proposons des prix comp\u00e9titifs, une assurance qualit\u00e9 et une livraison fiable.<\/p>\n<p>[\/et_pb_slide][et_pb_slide heading=\u00a0\u00bbPartenaires commerciaux de Kouper FKS\u00a0\u00bb _builder_version=\u00a0\u00bb4.21.0&Prime; _module_preset=\u00a0\u00bbdefault\u00a0\u00bb background_image=\u00a0\u00bbhttp:\/\/kouperfks.com\/fr\/wp-content\/uploads\/2023\/06\/BgBrands-1.jpg\u00a0\u00bb background_enable_image=\u00a0\u00bbon\u00a0\u00bb text_orientation=\u00a0\u00bbleft\u00a0\u00bb custom_padding=\u00a0\u00bb|50%|||false|false\u00a0\u00bb custom_padding_tablet=\u00a0\u00bb|50%|||false|false\u00a0\u00bb custom_padding_phone=\u00a0\u00bb|0%|||false|false\u00a0\u00bb custom_padding_last_edited=\u00a0\u00bbon|tablet\u00a0\u00bb background_last_edited=\u00a0\u00bbon|phone\u00a0\u00bb background_enable_image_phone=\u00a0\u00bboff\u00a0\u00bb global_colors_info=\u00a0\u00bb{}\u00a0\u00bb sticky_transition=\u00a0\u00bbon\u00a0\u00bb]<\/p>\n<p>Nous travaillons avec les principaux d\u00e9taillants d&rsquo;Am\u00e9rique du Nord<\/p>\n<p>[\/et_pb_slide][et_pb_slide heading=\u00a0\u00bbL&rsquo;union fait la force\u00a0\u00bb use_bg_overlay=\u00a0\u00bbon\u00a0\u00bb bg_overlay_color=\u00a0\u00bbrgba(10,0,0,0.33)\u00a0\u00bb use_text_overlay=\u00a0\u00bboff\u00a0\u00bb _builder_version=\u00a0\u00bb4.21.0&Prime; _module_preset=\u00a0\u00bbdefault\u00a0\u00bb body_text_align=\u00a0\u00bbleft\u00a0\u00bb background_image=\u00a0\u00bbhttp:\/\/kouperfks.com\/fr\/wp-content\/uploads\/2023\/06\/BgSchool-scaled.jpg\u00a0\u00bb background_enable_image=\u00a0\u00bbon\u00a0\u00bb text_orientation=\u00a0\u00bbleft\u00a0\u00bb custom_padding=\u00a0\u00bb|50%|||false|false\u00a0\u00bb custom_padding_tablet=\u00a0\u00bb|50%|||false|false\u00a0\u00bb custom_padding_phone=\u00a0\u00bb|57%||24px|false|false\u00a0\u00bb custom_padding_last_edited=\u00a0\u00bbon|tablet\u00a0\u00bb global_colors_info=\u00a0\u00bb{}\u00a0\u00bb sticky_transition=\u00a0\u00bbon\u00a0\u00bb]<\/p>\n<p>Nous sommes l&rsquo;un des principaux producteurs d&rsquo;uniformes scolaires en Am\u00e9rique du Nord.<\/p>\n<p>[\/et_pb_slide][\/et_pb_fullwidth_slider][\/et_pb_section][et_pb_section fb_built=\u00a0\u00bb1&Prime; _builder_version=\u00a0\u00bb4.20.2&Prime; _module_preset=\u00a0\u00bbdefault\u00a0\u00bb background_color=\u00a0\u00bb#FFFFFF\u00a0\u00bb custom_padding=\u00a0\u00bb0px||1px|||\u00a0\u00bb global_colors_info=\u00a0\u00bb{}\u00a0\u00bb][et_pb_row admin_label=\u00a0\u00bbRow\u00a0\u00bb _builder_version=\u00a0\u00bb4.20.2&Prime; global_colors_info=\u00a0\u00bb{}\u00a0\u00bb][et_pb_column type=\u00a0\u00bb4_4&Prime; _builder_version=\u00a0\u00bb4.16&Prime; global_colors_info=\u00a0\u00bb{}\u00a0\u00bb][et_pb_text _builder_version=\u00a0\u00bb4.21.0&Prime; text_font_size=\u00a0\u00bb16px\u00a0\u00bb text_line_height=\u00a0\u00bb2em\u00a0\u00bb header_text_align=\u00a0\u00bbleft\u00a0\u00bb header_2_font=\u00a0\u00bbRopa Sans||||||||\u00a0\u00bb header_2_text_align=\u00a0\u00bbleft\u00a0\u00bb header_2_font_size=\u00a0\u00bb50px\u00a0\u00bb header_2_line_height=\u00a0\u00bb1.4em\u00a0\u00bb text_orientation=\u00a0\u00bbcenter\u00a0\u00bb max_width=\u00a0\u00bb1920px\u00a0\u00bb max_width_tablet=\u00a0\u00bb\u00a0\u00bb max_width_phone=\u00a0\u00bb\u00a0\u00bb max_width_last_edited=\u00a0\u00bbon|phone\u00a0\u00bb module_alignment=\u00a0\u00bbcenter\u00a0\u00bb custom_margin=\u00a0\u00bb||-4px||false|false\u00a0\u00bb header_2_font_size_tablet=\u00a0\u00bb36px\u00a0\u00bb header_2_font_size_phone=\u00a0\u00bb24px\u00a0\u00bb header_2_font_size_last_edited=\u00a0\u00bbon|desktop\u00a0\u00bb locked=\u00a0\u00bboff\u00a0\u00bb global_colors_info=\u00a0\u00bb{}\u00a0\u00bb]<\/p>\n<h2>Programme de marque priv\u00e9e \u00e0 service complet depuis 1971<\/h2>\n<p>[\/et_pb_text][et_pb_divider divider_weight=\u00a0\u00bb3px\u00a0\u00bb _builder_version=\u00a0\u00bb4.20.2&Prime; _module_preset=\u00a0\u00bbdefault\u00a0\u00bb width=\u00a0\u00bb7%\u00a0\u00bb module_alignment=\u00a0\u00bbleft\u00a0\u00bb global_colors_info=\u00a0\u00bb{}\u00a0\u00bb][\/et_pb_divider][et_pb_text _builder_version=\u00a0\u00bb4.21.0&Prime; text_font_size=\u00a0\u00bb16px\u00a0\u00bb text_line_height=\u00a0\u00bb2em\u00a0\u00bb header_text_align=\u00a0\u00bbleft\u00a0\u00bb header_2_font=\u00a0\u00bbRopa Sans||||||||\u00a0\u00bb header_2_text_align=\u00a0\u00bbleft\u00a0\u00bb header_2_font_size=\u00a0\u00bb50px\u00a0\u00bb header_2_line_height=\u00a0\u00bb1.4em\u00a0\u00bb header_3_text_align=\u00a0\u00bbleft\u00a0\u00bb header_3_font_size=\u00a0\u00bb28px\u00a0\u00bb max_width=\u00a0\u00bb1920px\u00a0\u00bb max_width_tablet=\u00a0\u00bb\u00a0\u00bb max_width_phone=\u00a0\u00bb\u00a0\u00bb max_width_last_edited=\u00a0\u00bbon|phone\u00a0\u00bb module_alignment=\u00a0\u00bbcenter\u00a0\u00bb custom_margin=\u00a0\u00bb||-4px||false|false\u00a0\u00bb custom_padding=\u00a0\u00bb||19px|||\u00a0\u00bb header_2_font_size_tablet=\u00a0\u00bb36px\u00a0\u00bb header_2_font_size_phone=\u00a0\u00bb24px\u00a0\u00bb header_2_font_size_last_edited=\u00a0\u00bbon|desktop\u00a0\u00bb locked=\u00a0\u00bboff\u00a0\u00bb global_colors_info=\u00a0\u00bb{}\u00a0\u00bb]<\/p>\n<h3>Articles que nous produisons<\/h3>\n<p>[\/et_pb_text][et_pb_toggle title=\u00a0\u00bbSous-v\u00eatements\u00a0\u00bb _builder_version=\u00a0\u00bb4.21.0&Prime; _module_preset=\u00a0\u00bbdefault\u00a0\u00bb title_text_align=\u00a0\u00bbleft\u00a0\u00bb title_font_size=\u00a0\u00bb20px\u00a0\u00bb body_text_align=\u00a0\u00bbleft\u00a0\u00bb body_font_size=\u00a0\u00bb16px\u00a0\u00bb max_width=\u00a0\u00bb920px\u00a0\u00bb module_alignment=\u00a0\u00bbcenter\u00a0\u00bb border_width_all=\u00a0\u00bb0px\u00a0\u00bb border_width_left=\u00a0\u00bb1px\u00a0\u00bb global_colors_info=\u00a0\u00bb{}\u00a0\u00bb]<\/p>\n<p>hommes &#8211; femmes &#8211; filles &#8211; gar\u00e7ons<\/p>\n<p>Incluant les soutiens-gorge de sport pour femmes et filles<\/p>\n<p>[\/et_pb_toggle][et_pb_toggle title=\u00a0\u00bbV\u00eatements de nuit\u00a0\u00bb _builder_version=\u00a0\u00bb4.21.0&Prime; _module_preset=\u00a0\u00bbdefault\u00a0\u00bb title_text_align=\u00a0\u00bbleft\u00a0\u00bb title_font_size=\u00a0\u00bb20px\u00a0\u00bb body_text_align=\u00a0\u00bbleft\u00a0\u00bb body_font_size=\u00a0\u00bb16px\u00a0\u00bb max_width=\u00a0\u00bb920px\u00a0\u00bb module_alignment=\u00a0\u00bbcenter\u00a0\u00bb border_width_all=\u00a0\u00bb0px\u00a0\u00bb border_width_left=\u00a0\u00bb1px\u00a0\u00bb global_colors_info=\u00a0\u00bb{}\u00a0\u00bb]<\/p>\n<p style=\"text-align: left;\">hommes &#8211; femmes &#8211; filles &#8211; gar\u00e7ons<\/p>\n<p>[\/et_pb_toggle][et_pb_toggle title=\u00a0\u00bbV\u00eatements de sport\u00a0\u00bb _builder_version=\u00a0\u00bb4.21.0&Prime; _module_preset=\u00a0\u00bbdefault\u00a0\u00bb title_text_align=\u00a0\u00bbleft\u00a0\u00bb title_font_size=\u00a0\u00bb20px\u00a0\u00bb body_text_align=\u00a0\u00bbleft\u00a0\u00bb body_font_size=\u00a0\u00bb16px\u00a0\u00bb max_width=\u00a0\u00bb920px\u00a0\u00bb module_alignment=\u00a0\u00bbcenter\u00a0\u00bb border_width_all=\u00a0\u00bb0px\u00a0\u00bb border_width_left=\u00a0\u00bb1px\u00a0\u00bb global_colors_info=\u00a0\u00bb{}\u00a0\u00bb]<\/p>\n<p style=\"text-align: left;\">hommes &#8211; femmes &#8211; filles &#8211; gar\u00e7ons<\/p>\n<p>[\/et_pb_toggle][et_pb_toggle title=\u00a0\u00bbV\u00eatements de travail\u00a0\u00bb _builder_version=\u00a0\u00bb4.21.0&Prime; _module_preset=\u00a0\u00bbdefault\u00a0\u00bb title_text_align=\u00a0\u00bbleft\u00a0\u00bb title_font_size=\u00a0\u00bb20px\u00a0\u00bb body_text_align=\u00a0\u00bbleft\u00a0\u00bb body_font_size=\u00a0\u00bb16px\u00a0\u00bb max_width=\u00a0\u00bb920px\u00a0\u00bb module_alignment=\u00a0\u00bbcenter\u00a0\u00bb border_width_all=\u00a0\u00bb0px\u00a0\u00bb border_width_left=\u00a0\u00bb1px\u00a0\u00bb global_colors_info=\u00a0\u00bb{}\u00a0\u00bb]<\/p>\n<p style=\"text-align: left;\">hommes<\/p>\n<p>[\/et_pb_toggle][et_pb_toggle title=\u00a0\u00bbV\u00eatements de s\u00e9curit\u00e9\u00a0\u00bb _builder_version=\u00a0\u00bb4.21.0&Prime; _module_preset=\u00a0\u00bbdefault\u00a0\u00bb title_text_align=\u00a0\u00bbleft\u00a0\u00bb title_font_size=\u00a0\u00bb20px\u00a0\u00bb body_text_align=\u00a0\u00bbleft\u00a0\u00bb body_font_size=\u00a0\u00bb16px\u00a0\u00bb max_width=\u00a0\u00bb920px\u00a0\u00bb module_alignment=\u00a0\u00bbcenter\u00a0\u00bb border_width_all=\u00a0\u00bb0px\u00a0\u00bb border_width_left=\u00a0\u00bb1px\u00a0\u00bb global_colors_info=\u00a0\u00bb{}\u00a0\u00bb]<\/p>\n<p style=\"text-align: left;\">pour hommes (couleurs n\u00e9on avec garnitures r\u00e9fl\u00e9chissantes utilis\u00e9es par de nombreux employ\u00e9s municipaux, brigadiers et ouvriers du b\u00e2timent)<\/p>\n<p>[\/et_pb_toggle][\/et_pb_column][\/et_pb_row][\/et_pb_section][et_pb_section fb_built=\u00a0\u00bb1&Prime; admin_label=\u00a0\u00bbMission\u00a0\u00bb _builder_version=\u00a0\u00bb4.20.2&Prime; background_color=\u00a0\u00bb#151515&Prime; background_image=\u00a0\u00bbhttp:\/\/kouperfks.com\/fr\/wp-content\/uploads\/2023\/06\/venture_03.png\u00a0\u00bb custom_padding=\u00a0\u00bb34px||34px||true|\u00a0\u00bb global_colors_info=\u00a0\u00bb{}\u00a0\u00bb][et_pb_row _builder_version=\u00a0\u00bb4.20.2&Prime; _module_preset=\u00a0\u00bbdefault\u00a0\u00bb global_colors_info=\u00a0\u00bb{}\u00a0\u00bb][et_pb_column type=\u00a0\u00bb4_4&Prime; _builder_version=\u00a0\u00bb4.20.2&Prime; _module_preset=\u00a0\u00bbdefault\u00a0\u00bb global_colors_info=\u00a0\u00bb{}\u00a0\u00bb][et_pb_text _builder_version=\u00a0\u00bb4.21.0&Prime; _module_preset=\u00a0\u00bbdefault\u00a0\u00bb header_2_font=\u00a0\u00bbRopa Sans||||||||\u00a0\u00bb header_2_font_size=\u00a0\u00bb50px\u00a0\u00bb header_2_line_height=\u00a0\u00bb1.4em\u00a0\u00bb background_layout=\u00a0\u00bbdark\u00a0\u00bb max_width=\u00a0\u00bb800px\u00a0\u00bb custom_margin=\u00a0\u00bb||-1px|||\u00a0\u00bb header_2_font_size_tablet=\u00a0\u00bb36px\u00a0\u00bb header_2_font_size_phone=\u00a0\u00bb24px\u00a0\u00bb header_2_font_size_last_edited=\u00a0\u00bbon|desktop\u00a0\u00bb global_colors_info=\u00a0\u00bb{}\u00a0\u00bb]<\/p>\n<h2>Nos avantages<\/h2>\n<p>[\/et_pb_text][et_pb_divider divider_weight=\u00a0\u00bb3px\u00a0\u00bb _builder_version=\u00a0\u00bb4.20.2&Prime; _module_preset=\u00a0\u00bbdefault\u00a0\u00bb width=\u00a0\u00bb7%\u00a0\u00bb module_alignment=\u00a0\u00bbleft\u00a0\u00bb locked=\u00a0\u00bboff\u00a0\u00bb global_colors_info=\u00a0\u00bb{}\u00a0\u00bb][\/et_pb_divider][\/et_pb_column][\/et_pb_row][et_pb_row column_structure=\u00a0\u00bb1_4,1_4,1_4,1_4&Prime; _builder_version=\u00a0\u00bb4.20.2&Prime; _module_preset=\u00a0\u00bbdefault\u00a0\u00bb max_width=\u00a0\u00bb920px\u00a0\u00bb global_colors_info=\u00a0\u00bb{}\u00a0\u00bb][et_pb_column type=\u00a0\u00bb1_4&Prime; _builder_version=\u00a0\u00bb4.20.2&Prime; _module_preset=\u00a0\u00bbdefault\u00a0\u00bb global_colors_info=\u00a0\u00bb{}\u00a0\u00bb][et_pb_blurb title=\u00a0\u00bb3 grands entrep\u00f4ts\u00a0\u00bb use_icon=\u00a0\u00bbon\u00a0\u00bb font_icon=\u00a0\u00bb&#xf494;||fa||900&Prime; _builder_version=\u00a0\u00bb4.21.0&Prime; _module_preset=\u00a0\u00bbdefault\u00a0\u00bb header_text_align=\u00a0\u00bbcenter\u00a0\u00bb header_text_color=\u00a0\u00bb#F6F6F6&Prime; header_font_size=\u00a0\u00bb20px\u00a0\u00bb image_icon_custom_padding=\u00a0\u00bb||||false|false\u00a0\u00bb animation_style=\u00a0\u00bbfade\u00a0\u00bb animation_duration=\u00a0\u00bb500ms\u00a0\u00bb border_color_all_image=\u00a0\u00bb#F6F6F6&Prime; global_colors_info=\u00a0\u00bb{}\u00a0\u00bb][\/et_pb_blurb][\/et_pb_column][et_pb_column type=\u00a0\u00bb1_4&Prime; _builder_version=\u00a0\u00bb4.20.2&Prime; _module_preset=\u00a0\u00bbdefault\u00a0\u00bb global_colors_info=\u00a0\u00bb{}\u00a0\u00bb][et_pb_blurb title=\u00a0\u00bbProgrammes bas\u00e9s sur le volume\u00a0\u00bb use_icon=\u00a0\u00bbon\u00a0\u00bb font_icon=\u00a0\u00bb&#xf468;||fa||900&Prime; _builder_version=\u00a0\u00bb4.21.0&Prime; _module_preset=\u00a0\u00bbdefault\u00a0\u00bb header_text_align=\u00a0\u00bbcenter\u00a0\u00bb header_text_color=\u00a0\u00bb#F6F6F6&Prime; header_font_size=\u00a0\u00bb20px\u00a0\u00bb image_icon_custom_padding=\u00a0\u00bb||||false|false\u00a0\u00bb animation_style=\u00a0\u00bbfade\u00a0\u00bb animation_duration=\u00a0\u00bb500ms\u00a0\u00bb border_color_all_image=\u00a0\u00bb#F6F6F6&Prime; global_colors_info=\u00a0\u00bb{}\u00a0\u00bb][\/et_pb_blurb][\/et_pb_column][et_pb_column type=\u00a0\u00bb1_4&Prime; _builder_version=\u00a0\u00bb4.20.2&Prime; _module_preset=\u00a0\u00bbdefault\u00a0\u00bb global_colors_info=\u00a0\u00bb{}\u00a0\u00bb][et_pb_blurb title=\u00a0\u00bbLe design et ses derni\u00e8res tendances\u00a0\u00bb use_icon=\u00a0\u00bbon\u00a0\u00bb font_icon=\u00a0\u00bb&#x6b;||divi||400&Prime; _builder_version=\u00a0\u00bb4.21.0&Prime; _module_preset=\u00a0\u00bbdefault\u00a0\u00bb header_text_align=\u00a0\u00bbcenter\u00a0\u00bb header_text_color=\u00a0\u00bb#F6F6F6&Prime; header_font_size=\u00a0\u00bb20px\u00a0\u00bb image_icon_custom_padding=\u00a0\u00bb||||false|false\u00a0\u00bb animation_style=\u00a0\u00bbfade\u00a0\u00bb animation_duration=\u00a0\u00bb500ms\u00a0\u00bb border_color_all_image=\u00a0\u00bb#F6F6F6&Prime; global_colors_info=\u00a0\u00bb{}\u00a0\u00bb][\/et_pb_blurb][\/et_pb_column][et_pb_column type=\u00a0\u00bb1_4&Prime; _builder_version=\u00a0\u00bb4.20.2&Prime; _module_preset=\u00a0\u00bbdefault\u00a0\u00bb global_colors_info=\u00a0\u00bb{}\u00a0\u00bb][et_pb_blurb title=\u00a0\u00bbD\u00e9veloppement durable\u00a0\u00bb use_icon=\u00a0\u00bbon\u00a0\u00bb font_icon=\u00a0\u00bb&#xf4d8;||fa||900&Prime; _builder_version=\u00a0\u00bb4.21.0&Prime; _module_preset=\u00a0\u00bbdefault\u00a0\u00bb header_text_align=\u00a0\u00bbcenter\u00a0\u00bb header_text_color=\u00a0\u00bb#F6F6F6&Prime; header_font_size=\u00a0\u00bb20px\u00a0\u00bb image_icon_custom_padding=\u00a0\u00bb||||false|false\u00a0\u00bb max_width=\u00a0\u00bb920px\u00a0\u00bb animation_style=\u00a0\u00bbfade\u00a0\u00bb animation_duration=\u00a0\u00bb500ms\u00a0\u00bb border_color_all_image=\u00a0\u00bb#F6F6F6&Prime; global_colors_info=\u00a0\u00bb{}\u00a0\u00bb][\/et_pb_blurb][\/et_pb_column][\/et_pb_row][\/et_pb_section]<\/p>\n","protected":false},"excerpt":{"rendered":"<p>Nous concevons et fournissons \u00e0 nos clients des articles de mode tr\u00e8s tendance.Des gar\u00e7ons aux hommes, nous proposons des programmes bas\u00e9s sur le volume pour les sous-v\u00eatements vendus dans toute l&rsquo;Am\u00e9rique du Nord.Nous proposons des prix comp\u00e9titifs, une assurance qualit\u00e9 et une livraison fiable.Nous travaillons avec les principaux d\u00e9taillants d&rsquo;Am\u00e9rique du NordNous sommes l&rsquo;un des [&hellip;]<\/p>\n","protected":false},"author":1,"featured_media":0,"parent":0,"menu_order":0,"comment_status":"closed","ping_status":"closed","template":"","meta":{"_et_pb_use_builder":"on","_et_pb_old_content":"","_et_gb_content_width":"","footnotes":""},"class_list":["post-423","page","type-page","status-publish","hentry"],"yoast_head":"<!-- This site is optimized with the Yoast SEO plugin v20.10 - https:\/\/yoast.com\/wordpress\/plugins\/seo\/ -->\n<title>ACCUEIL - INDUSTRIE KOUPER FKS<\/title>\n<meta name=\"description\" content=\"We produce underwear, sleepwear, activewear, workwear and safety wear for some of the biggest retailers in north america.\" \/>\n<meta name=\"robots\" content=\"index, follow, max-snippet:-1, max-image-preview:large, max-video-preview:-1\" \/>\n<link rel=\"canonical\" href=\"http:\/\/kouperfks.com\/fr\/\" \/>\n<meta property=\"og:locale\" content=\"fr_CA\" \/>\n<meta property=\"og:type\" content=\"article\" \/>\n<meta property=\"og:title\" content=\"ACCUEIL - INDUSTRIE KOUPER FKS\" \/>\n<meta property=\"og:description\" content=\"We produce underwear, sleepwear, activewear, workwear and safety wear for some of the biggest retailers in north america.\" \/>\n<meta property=\"og:url\" content=\"http:\/\/kouperfks.com\/fr\/\" \/>\n<meta property=\"og:site_name\" content=\"INDUSTRIE KOUPER FKS\" \/>\n<meta property=\"article:modified_time\" content=\"2023-07-06T16:11:43+00:00\" \/>\n<meta name=\"twitter:card\" content=\"summary_large_image\" \/>\n<meta name=\"twitter:label1\" content=\"Estimation du temps de lecture\" \/>\n\t<meta name=\"twitter:data1\" content=\"3 minutes\" \/>\n<script type=\"application\/ld+json\" class=\"yoast-schema-graph\">{\"@context\":\"https:\/\/schema.org\",\"@graph\":[{\"@type\":\"WebPage\",\"@id\":\"http:\/\/kouperfks.com\/fr\/\",\"url\":\"http:\/\/kouperfks.com\/fr\/\",\"name\":\"ACCUEIL - INDUSTRIE KOUPER FKS\",\"isPartOf\":{\"@id\":\"http:\/\/kouperfks.com\/fr\/#website\"},\"datePublished\":\"2023-06-01T15:43:57+00:00\",\"dateModified\":\"2023-07-06T16:11:43+00:00\",\"description\":\"We produce underwear, sleepwear, activewear, workwear and safety wear for some of the biggest retailers in north america.\",\"breadcrumb\":{\"@id\":\"http:\/\/kouperfks.com\/fr\/#breadcrumb\"},\"inLanguage\":\"fr-CA\",\"potentialAction\":[{\"@type\":\"ReadAction\",\"target\":[\"http:\/\/kouperfks.com\/fr\/\"]}]},{\"@type\":\"BreadcrumbList\",\"@id\":\"http:\/\/kouperfks.com\/fr\/#breadcrumb\",\"itemListElement\":[{\"@type\":\"ListItem\",\"position\":1,\"name\":\"Home\",\"item\":\"http:\/\/kouperfks.com\/fr\/\"},{\"@type\":\"ListItem\",\"position\":2,\"name\":\"ACCUEIL\"}]},{\"@type\":\"WebSite\",\"@id\":\"http:\/\/kouperfks.com\/fr\/#website\",\"url\":\"http:\/\/kouperfks.com\/fr\/\",\"name\":\"INDUSTRIE KOUPER FKS\",\"description\":\"\",\"publisher\":{\"@id\":\"http:\/\/kouperfks.com\/fr\/#organization\"},\"potentialAction\":[{\"@type\":\"SearchAction\",\"target\":{\"@type\":\"EntryPoint\",\"urlTemplate\":\"http:\/\/kouperfks.com\/fr\/?s={search_term_string}\"},\"query-input\":\"required name=search_term_string\"}],\"inLanguage\":\"fr-CA\"},{\"@type\":\"Organization\",\"@id\":\"http:\/\/kouperfks.com\/fr\/#organization\",\"name\":\"INDUSTRIE KOUPER FKS\",\"url\":\"http:\/\/kouperfks.com\/fr\/\",\"logo\":{\"@type\":\"ImageObject\",\"inLanguage\":\"fr-CA\",\"@id\":\"http:\/\/kouperfks.com\/fr\/#\/schema\/logo\/image\/\",\"url\":\"http:\/\/kouperfks.com\/fr\/wp-content\/uploads\/2023\/06\/logo1.png\",\"contentUrl\":\"http:\/\/kouperfks.com\/fr\/wp-content\/uploads\/2023\/06\/logo1.png\",\"width\":250,\"height\":73,\"caption\":\"INDUSTRIE KOUPER FKS\"},\"image\":{\"@id\":\"http:\/\/kouperfks.com\/fr\/#\/schema\/logo\/image\/\"}}]}<\/script>\n<!-- \/ Yoast SEO plugin. -->","yoast_head_json":{"title":"ACCUEIL - INDUSTRIE KOUPER FKS","description":"We produce underwear, sleepwear, activewear, workwear and safety wear for some of the biggest retailers in north america.","robots":{"index":"index","follow":"follow","max-snippet":"max-snippet:-1","max-image-preview":"max-image-preview:large","max-video-preview":"max-video-preview:-1"},"canonical":"http:\/\/kouperfks.com\/fr\/","og_locale":"fr_CA","og_type":"article","og_title":"ACCUEIL - INDUSTRIE KOUPER FKS","og_description":"We produce underwear, sleepwear, activewear, workwear and safety wear for some of the biggest retailers in north america.","og_url":"http:\/\/kouperfks.com\/fr\/","og_site_name":"INDUSTRIE KOUPER FKS","article_modified_time":"2023-07-06T16:11:43+00:00","twitter_card":"summary_large_image","twitter_misc":{"Estimation du temps de lecture":"3 minutes"},"schema":{"@context":"https:\/\/schema.org","@graph":[{"@type":"WebPage","@id":"http:\/\/kouperfks.com\/fr\/","url":"http:\/\/kouperfks.com\/fr\/","name":"ACCUEIL - INDUSTRIE KOUPER FKS","isPartOf":{"@id":"http:\/\/kouperfks.com\/fr\/#website"},"datePublished":"2023-06-01T15:43:57+00:00","dateModified":"2023-07-06T16:11:43+00:00","description":"We produce underwear, sleepwear, activewear, workwear and safety wear for some of the biggest retailers in north america.","breadcrumb":{"@id":"http:\/\/kouperfks.com\/fr\/#breadcrumb"},"inLanguage":"fr-CA","potentialAction":[{"@type":"ReadAction","target":["http:\/\/kouperfks.com\/fr\/"]}]},{"@type":"BreadcrumbList","@id":"http:\/\/kouperfks.com\/fr\/#breadcrumb","itemListElement":[{"@type":"ListItem","position":1,"name":"Home","item":"http:\/\/kouperfks.com\/fr\/"},{"@type":"ListItem","position":2,"name":"ACCUEIL"}]},{"@type":"WebSite","@id":"http:\/\/kouperfks.com\/fr\/#website","url":"http:\/\/kouperfks.com\/fr\/","name":"INDUSTRIE KOUPER FKS","description":"","publisher":{"@id":"http:\/\/kouperfks.com\/fr\/#organization"},"potentialAction":[{"@type":"SearchAction","target":{"@type":"EntryPoint","urlTemplate":"http:\/\/kouperfks.com\/fr\/?s={search_term_string}"},"query-input":"required name=search_term_string"}],"inLanguage":"fr-CA"},{"@type":"Organization","@id":"http:\/\/kouperfks.com\/fr\/#organization","name":"INDUSTRIE KOUPER FKS","url":"http:\/\/kouperfks.com\/fr\/","logo":{"@type":"ImageObject","inLanguage":"fr-CA","@id":"http:\/\/kouperfks.com\/fr\/#\/schema\/logo\/image\/","url":"http:\/\/kouperfks.com\/fr\/wp-content\/uploads\/2023\/06\/logo1.png","contentUrl":"http:\/\/kouperfks.com\/fr\/wp-content\/uploads\/2023\/06\/logo1.png","width":250,"height":73,"caption":"INDUSTRIE KOUPER FKS"},"image":{"@id":"http:\/\/kouperfks.com\/fr\/#\/schema\/logo\/image\/"}}]}},"_links":{"self":[{"href":"http:\/\/kouperfks.com\/fr\/wp-json\/wp\/v2\/pages\/423","targetHints":{"allow":["GET"]}}],"collection":[{"href":"http:\/\/kouperfks.com\/fr\/wp-json\/wp\/v2\/pages"}],"about":[{"href":"http:\/\/kouperfks.com\/fr\/wp-json\/wp\/v2\/types\/page"}],"author":[{"embeddable":true,"href":"http:\/\/kouperfks.com\/fr\/wp-json\/wp\/v2\/users\/1"}],"replies":[{"embeddable":true,"href":"http:\/\/kouperfks.com\/fr\/wp-json\/wp\/v2\/comments?post=423"}],"version-history":[{"count":52,"href":"http:\/\/kouperfks.com\/fr\/wp-json\/wp\/v2\/pages\/423\/revisions"}],"predecessor-version":[{"id":811,"href":"http:\/\/kouperfks.com\/fr\/wp-json\/wp\/v2\/pages\/423\/revisions\/811"}],"wp:attachment":[{"href":"http:\/\/kouperfks.com\/fr\/wp-json\/wp\/v2\/media?parent=423"}],"curies":[{"name":"wp","href":"https:\/\/api.w.org\/{rel}","templated":true}]}}