{"id":467,"date":"2023-06-02T13:50:10","date_gmt":"2023-06-02T13:50:10","guid":{"rendered":"http:\/\/kouperfks.com\/fr\/?page_id=467"},"modified":"2023-07-03T14:59:16","modified_gmt":"2023-07-03T14:59:16","slug":"organisation-gestion","status":"publish","type":"page","link":"http:\/\/kouperfks.com\/fr\/organisation-gestion\/","title":{"rendered":"ORGANISATION ET GESTION"},"content":{"rendered":"<p>[et_pb_section fb_built=\u00a0\u00bb1&Prime; fullwidth=\u00a0\u00bbon\u00a0\u00bb admin_label=\u00a0\u00bbHeader\u00a0\u00bb _builder_version=\u00a0\u00bb4.21.0&Prime; background_enable_color=\u00a0\u00bboff\u00a0\u00bb background_image=\u00a0\u00bbhttp:\/\/kouperfks.com\/fr\/wp-content\/uploads\/2023\/06\/venture_16.jpg\u00a0\u00bb background_position=\u00a0\u00bbbottom_left\u00a0\u00bb custom_padding=\u00a0\u00bb0px|0|0px|0px|false|false\u00a0\u00bb global_colors_info=\u00a0\u00bb{}\u00a0\u00bb][et_pb_fullwidth_header title=\u00a0\u00bbOrganisation et gestion\u00a0\u00bb text_orientation=\u00a0\u00bbcenter\u00a0\u00bb content_max_width=\u00a0\u00bb99%\u00a0\u00bb admin_label=\u00a0\u00bbFullwidth Header\u00a0\u00bb _builder_version=\u00a0\u00bb4.21.0&Prime; title_font=\u00a0\u00bbRopa Sans|||on|||||\u00a0\u00bb title_text_align=\u00a0\u00bbcenter\u00a0\u00bb title_font_size=\u00a0\u00bb80px\u00a0\u00bb title_line_height=\u00a0\u00bb1.4em\u00a0\u00bb content_font=\u00a0\u00bbOpen Sans||||||||\u00a0\u00bb content_text_align=\u00a0\u00bbcenter\u00a0\u00bb content_font_size=\u00a0\u00bb18px\u00a0\u00bb content_line_height=\u00a0\u00bb1.8em\u00a0\u00bb background_color=\u00a0\u00bbrgba(0,0,0,0)\u00a0\u00bb use_background_color_gradient=\u00a0\u00bbon\u00a0\u00bb background_color_gradient_direction=\u00a0\u00bb140deg\u00a0\u00bb background_color_gradient_stops=\u00a0\u00bbrgba(0,0,0,0.9) 0%|rgba(80,103,147,0.5) 100%\u00a0\u00bb background_color_gradient_start=\u00a0\u00bbrgba(0,0,0,0.9)\u00a0\u00bb background_color_gradient_end=\u00a0\u00bbrgba(80,103,147,0.5)\u00a0\u00bb background_image=\u00a0\u00bbhttp:\/\/kouperfks.com\/fr\/wp-content\/uploads\/2023\/06\/venture_02.png\u00a0\u00bb custom_button_one=\u00a0\u00bbon\u00a0\u00bb button_one_text_size=\u00a0\u00bb14px\u00a0\u00bb button_one_bg_color=\u00a0\u00bb#ff6d29&Prime; button_one_border_color=\u00a0\u00bbrgba(0,0,0,0)\u00a0\u00bb button_one_border_radius=\u00a0\u00bb0px\u00a0\u00bb button_one_letter_spacing=\u00a0\u00bb1px\u00a0\u00bb button_one_font=\u00a0\u00bb|700||on|||||\u00a0\u00bb button_one_custom_padding=\u00a0\u00bb16px|28px|16px|28px|true|true\u00a0\u00bb custom_button_two=\u00a0\u00bbon\u00a0\u00bb button_two_text_size=\u00a0\u00bb14px\u00a0\u00bb button_two_border_width=\u00a0\u00bb2px\u00a0\u00bb button_two_border_radius=\u00a0\u00bb0px\u00a0\u00bb button_two_letter_spacing=\u00a0\u00bb1px\u00a0\u00bb button_two_font=\u00a0\u00bb|700||on|||||\u00a0\u00bb button_two_custom_padding=\u00a0\u00bb16px|28px|16px|28px|true|true\u00a0\u00bb width=\u00a0\u00bb100%\u00a0\u00bb max_width=\u00a0\u00bb100%\u00a0\u00bb custom_margin=\u00a0\u00bb|||\u00a0\u00bb custom_padding=\u00a0\u00bb10vw||10vw||true\u00a0\u00bb custom_padding_tablet=\u00a0\u00bb||||false|false\u00a0\u00bb custom_padding_phone=\u00a0\u00bb|||\u00a0\u00bb custom_padding_last_edited=\u00a0\u00bboff|phone\u00a0\u00bb hover_enabled=\u00a0\u00bb0&Prime; title_font_size_tablet=\u00a0\u00bb54px\u00a0\u00bb title_font_size_phone=\u00a0\u00bb34px\u00a0\u00bb title_font_size_last_edited=\u00a0\u00bbon|phone\u00a0\u00bb content_font_size_tablet=\u00a0\u00bb\u00a0\u00bb content_font_size_phone=\u00a0\u00bb16px\u00a0\u00bb content_font_size_last_edited=\u00a0\u00bbon|phone\u00a0\u00bb custom_css_header_container=\u00a0\u00bbmax-width: 1080px;||width: 100%;\u00a0\u00bb button_one_border_color_hover=\u00a0\u00bb#ff8a3d\u00a0\u00bb button_one_border_radius_hover=\u00a0\u00bb100px\u00a0\u00bb button_one_letter_spacing_hover=\u00a0\u00bb5px\u00a0\u00bb button_one_bg_color_hover=\u00a0\u00bb#ff8a3d\u00a0\u00bb global_colors_info=\u00a0\u00bb{}\u00a0\u00bb button_one_text_size__hover_enabled=\u00a0\u00bboff\u00a0\u00bb button_two_text_size__hover_enabled=\u00a0\u00bboff\u00a0\u00bb button_one_text_color__hover_enabled=\u00a0\u00bboff\u00a0\u00bb button_two_text_color__hover_enabled=\u00a0\u00bboff\u00a0\u00bb button_one_border_width__hover_enabled=\u00a0\u00bboff\u00a0\u00bb button_two_border_width__hover_enabled=\u00a0\u00bboff\u00a0\u00bb button_one_border_color__hover_enabled=\u00a0\u00bboff\u00a0\u00bb button_one_border_color__hover=\u00a0\u00bb#ff8a3d\u00a0\u00bb button_two_border_color__hover_enabled=\u00a0\u00bboff\u00a0\u00bb button_one_border_radius__hover_enabled=\u00a0\u00bboff\u00a0\u00bb button_one_border_radius__hover=\u00a0\u00bb100px\u00a0\u00bb button_two_border_radius__hover_enabled=\u00a0\u00bboff\u00a0\u00bb button_one_letter_spacing__hover_enabled=\u00a0\u00bboff\u00a0\u00bb button_one_letter_spacing__hover=\u00a0\u00bb5px\u00a0\u00bb button_two_letter_spacing__hover_enabled=\u00a0\u00bboff\u00a0\u00bb button_one_bg_color__hover_enabled=\u00a0\u00bboff\u00a0\u00bb button_one_bg_color__hover=\u00a0\u00bb#ff8a3d\u00a0\u00bb button_two_bg_color__hover_enabled=\u00a0\u00bboff\u00a0\u00bb sticky_enabled=\u00a0\u00bb0&Prime;][\/et_pb_fullwidth_header][\/et_pb_section][et_pb_section fb_built=\u00a0\u00bb1&Prime; admin_label=\u00a0\u00bbAbout\u00a0\u00bb _builder_version=\u00a0\u00bb4.16&Prime; background_color=\u00a0\u00bbrgba(0,0,0,0)\u00a0\u00bb global_colors_info=\u00a0\u00bb{}\u00a0\u00bb][et_pb_row custom_padding_last_edited=\u00a0\u00bbon|desktop\u00a0\u00bb _builder_version=\u00a0\u00bb4.20.2&Prime; background_color=\u00a0\u00bb#ffffff\u00a0\u00bb custom_margin=\u00a0\u00bb-15vw|auto||auto|false|false\u00a0\u00bb custom_margin_tablet=\u00a0\u00bb-15vw||||false|false\u00a0\u00bb custom_margin_phone=\u00a0\u00bb\u00a0\u00bb custom_margin_last_edited=\u00a0\u00bbon|desktop\u00a0\u00bb custom_padding_tablet=\u00a0\u00bb\u00a0\u00bb custom_padding_phone=\u00a0\u00bb\u00a0\u00bb box_shadow_style=\u00a0\u00bbpreset3&Prime; box_shadow_horizontal=\u00a0\u00bb13px\u00a0\u00bb box_shadow_vertical=\u00a0\u00bb38px\u00a0\u00bb box_shadow_blur=\u00a0\u00bb50px\u00a0\u00bb box_shadow_spread=\u00a0\u00bb0px\u00a0\u00bb box_shadow_color=\u00a0\u00bbrgba(133,143,175,0.2)\u00a0\u00bb global_colors_info=\u00a0\u00bb{}\u00a0\u00bb custom_margin__hover_enabled=\u00a0\u00bboff\u00a0\u00bb][et_pb_column type=\u00a0\u00bb4_4&Prime; _builder_version=\u00a0\u00bb4.21.0&Prime; custom_padding=\u00a0\u00bb60px|135px|60px|135px|true|true\u00a0\u00bb custom_padding_tablet=\u00a0\u00bb|60px|||true|false\u00a0\u00bb custom_padding_phone=\u00a0\u00bb|30px||30px|true|false\u00a0\u00bb custom_padding_last_edited=\u00a0\u00bbon|phone\u00a0\u00bb global_colors_info=\u00a0\u00bb{}\u00a0\u00bb][et_pb_text _builder_version=\u00a0\u00bb4.21.0&Prime; text_font=\u00a0\u00bb||||||||\u00a0\u00bb text_font_size=\u00a0\u00bb16px\u00a0\u00bb text_line_height=\u00a0\u00bb2em\u00a0\u00bb module_alignment=\u00a0\u00bbcenter\u00a0\u00bb hover_enabled=\u00a0\u00bb0&Prime; text_font_size_tablet=\u00a0\u00bb\u00a0\u00bb text_font_size_phone=\u00a0\u00bb14px\u00a0\u00bb text_font_size_last_edited=\u00a0\u00bbon|desktop\u00a0\u00bb text_line_height_tablet=\u00a0\u00bb\u00a0\u00bb text_line_height_phone=\u00a0\u00bb1.6em\u00a0\u00bb text_line_height_last_edited=\u00a0\u00bbon|desktop\u00a0\u00bb locked=\u00a0\u00bboff\u00a0\u00bb global_colors_info=\u00a0\u00bb{}\u00a0\u00bb sticky_enabled=\u00a0\u00bb0&Prime;]<\/p>\n<p>L&rsquo;\u00e9quipe de direction de Kouper FKS Industries est compos\u00e9e de professionnels parmi les plus exp\u00e9riment\u00e9s dans toutes les facettes du processus de fabrication. Notre mod\u00e8le d&rsquo;entreprise couvre l&rsquo;ensemble de la cha\u00eene d&rsquo;approvisionnement, ce qui fait de nos talents des experts dans un large \u00e9ventail de disciplines.<\/p>\n<p>Guid\u00e9e par un esprit d&rsquo;entreprise, l&rsquo;\u00e9quipe de direction poss\u00e8de une connaissance approfondie des march\u00e9s de consommation internes et des tendances. Elle joue un r\u00f4le d\u00e9terminant dans la poursuite de notre croissance et de notre succ\u00e8s.<\/p>\n<p>[\/et_pb_text][et_pb_button button_url=\u00a0\u00bb@ET-DC@eyJkeW5hbWljIjp0cnVlLCJjb250ZW50IjoicG9zdF9saW5rX3VybF9wYWdlIiwic2V0dGluZ3MiOnsicG9zdF9pZCI6IjUwOCJ9fQ==@\u00a0\u00bb button_text=\u00a0\u00bbContactez-nous\u00a0\u00bb _builder_version=\u00a0\u00bb4.21.0&Prime; _dynamic_attributes=\u00a0\u00bbbutton_url\u00a0\u00bb _module_preset=\u00a0\u00bbdefault\u00a0\u00bb hover_enabled=\u00a0\u00bb0&Prime; global_colors_info=\u00a0\u00bb{}\u00a0\u00bb sticky_enabled=\u00a0\u00bb0&Prime;][\/et_pb_button][\/et_pb_column][\/et_pb_row][\/et_pb_section]<\/p>\n","protected":false},"excerpt":{"rendered":"<p>L&rsquo;\u00e9quipe de direction de Kouper FKS Industries est compos\u00e9e de professionnels parmi les plus exp\u00e9riment\u00e9s dans toutes les facettes du processus de fabrication. Notre mod\u00e8le d&rsquo;entreprise couvre l&rsquo;ensemble de la cha\u00eene d&rsquo;approvisionnement, ce qui fait de nos talents des experts dans un large \u00e9ventail de disciplines. Guid\u00e9e par un esprit d&rsquo;entreprise, l&rsquo;\u00e9quipe de direction poss\u00e8de [&hellip;]<\/p>\n","protected":false},"author":1,"featured_media":0,"parent":0,"menu_order":0,"comment_status":"closed","ping_status":"closed","template":"","meta":{"_et_pb_use_builder":"on","_et_pb_old_content":"","_et_gb_content_width":"","footnotes":""},"class_list":["post-467","page","type-page","status-publish","hentry"],"yoast_head":"<!-- This site is optimized with the Yoast SEO plugin v20.10 - https:\/\/yoast.com\/wordpress\/plugins\/seo\/ -->\n<title>ORGANISATION ET GESTION - INDUSTRIE KOUPER FKS<\/title>\n<meta name=\"description\" content=\"Our management team is made up of some of the most experienced professionals dealing with all facets of the manufacturing process.\" \/>\n<meta name=\"robots\" content=\"index, follow, max-snippet:-1, max-image-preview:large, max-video-preview:-1\" \/>\n<link rel=\"canonical\" href=\"http:\/\/kouperfks.com\/fr\/organisation-gestion\/\" \/>\n<meta property=\"og:locale\" content=\"fr_CA\" \/>\n<meta property=\"og:type\" content=\"article\" \/>\n<meta property=\"og:title\" content=\"ORGANISATION ET GESTION - INDUSTRIE KOUPER FKS\" \/>\n<meta property=\"og:description\" content=\"Our management team is made up of some of the most experienced professionals dealing with all facets of the manufacturing process.\" \/>\n<meta property=\"og:url\" content=\"http:\/\/kouperfks.com\/fr\/organisation-gestion\/\" \/>\n<meta property=\"og:site_name\" content=\"INDUSTRIE KOUPER FKS\" \/>\n<meta property=\"article:modified_time\" content=\"2023-07-03T14:59:16+00:00\" \/>\n<meta name=\"twitter:card\" content=\"summary_large_image\" \/>\n<meta name=\"twitter:label1\" content=\"Estimation du temps de lecture\" \/>\n\t<meta name=\"twitter:data1\" content=\"1 minute\" \/>\n<script type=\"application\/ld+json\" class=\"yoast-schema-graph\">{\"@context\":\"https:\/\/schema.org\",\"@graph\":[{\"@type\":\"WebPage\",\"@id\":\"http:\/\/kouperfks.com\/fr\/organisation-gestion\/\",\"url\":\"http:\/\/kouperfks.com\/fr\/organisation-gestion\/\",\"name\":\"ORGANISATION ET GESTION - INDUSTRIE KOUPER FKS\",\"isPartOf\":{\"@id\":\"http:\/\/kouperfks.com\/fr\/#website\"},\"datePublished\":\"2023-06-02T13:50:10+00:00\",\"dateModified\":\"2023-07-03T14:59:16+00:00\",\"description\":\"Our management team is made up of some of the most experienced professionals dealing with all facets of the manufacturing process.\",\"breadcrumb\":{\"@id\":\"http:\/\/kouperfks.com\/fr\/organisation-gestion\/#breadcrumb\"},\"inLanguage\":\"fr-CA\",\"potentialAction\":[{\"@type\":\"ReadAction\",\"target\":[\"http:\/\/kouperfks.com\/fr\/organisation-gestion\/\"]}]},{\"@type\":\"BreadcrumbList\",\"@id\":\"http:\/\/kouperfks.com\/fr\/organisation-gestion\/#breadcrumb\",\"itemListElement\":[{\"@type\":\"ListItem\",\"position\":1,\"name\":\"Home\",\"item\":\"http:\/\/kouperfks.com\/fr\/\"},{\"@type\":\"ListItem\",\"position\":2,\"name\":\"ORGANISATION ET GESTION\"}]},{\"@type\":\"WebSite\",\"@id\":\"http:\/\/kouperfks.com\/fr\/#website\",\"url\":\"http:\/\/kouperfks.com\/fr\/\",\"name\":\"INDUSTRIE KOUPER FKS\",\"description\":\"\",\"publisher\":{\"@id\":\"http:\/\/kouperfks.com\/fr\/#organization\"},\"potentialAction\":[{\"@type\":\"SearchAction\",\"target\":{\"@type\":\"EntryPoint\",\"urlTemplate\":\"http:\/\/kouperfks.com\/fr\/?s={search_term_string}\"},\"query-input\":\"required name=search_term_string\"}],\"inLanguage\":\"fr-CA\"},{\"@type\":\"Organization\",\"@id\":\"http:\/\/kouperfks.com\/fr\/#organization\",\"name\":\"INDUSTRIE KOUPER FKS\",\"url\":\"http:\/\/kouperfks.com\/fr\/\",\"logo\":{\"@type\":\"ImageObject\",\"inLanguage\":\"fr-CA\",\"@id\":\"http:\/\/kouperfks.com\/fr\/#\/schema\/logo\/image\/\",\"url\":\"http:\/\/kouperfks.com\/fr\/wp-content\/uploads\/2023\/06\/logo1.png\",\"contentUrl\":\"http:\/\/kouperfks.com\/fr\/wp-content\/uploads\/2023\/06\/logo1.png\",\"width\":250,\"height\":73,\"caption\":\"INDUSTRIE KOUPER FKS\"},\"image\":{\"@id\":\"http:\/\/kouperfks.com\/fr\/#\/schema\/logo\/image\/\"}}]}<\/script>\n<!-- \/ Yoast SEO plugin. -->","yoast_head_json":{"title":"ORGANISATION ET GESTION - INDUSTRIE KOUPER FKS","description":"Our management team is made up of some of the most experienced professionals dealing with all facets of the manufacturing process.","robots":{"index":"index","follow":"follow","max-snippet":"max-snippet:-1","max-image-preview":"max-image-preview:large","max-video-preview":"max-video-preview:-1"},"canonical":"http:\/\/kouperfks.com\/fr\/organisation-gestion\/","og_locale":"fr_CA","og_type":"article","og_title":"ORGANISATION ET GESTION - INDUSTRIE KOUPER FKS","og_description":"Our management team is made up of some of the most experienced professionals dealing with all facets of the manufacturing process.","og_url":"http:\/\/kouperfks.com\/fr\/organisation-gestion\/","og_site_name":"INDUSTRIE KOUPER FKS","article_modified_time":"2023-07-03T14:59:16+00:00","twitter_card":"summary_large_image","twitter_misc":{"Estimation du temps de lecture":"1 minute"},"schema":{"@context":"https:\/\/schema.org","@graph":[{"@type":"WebPage","@id":"http:\/\/kouperfks.com\/fr\/organisation-gestion\/","url":"http:\/\/kouperfks.com\/fr\/organisation-gestion\/","name":"ORGANISATION ET GESTION - INDUSTRIE KOUPER FKS","isPartOf":{"@id":"http:\/\/kouperfks.com\/fr\/#website"},"datePublished":"2023-06-02T13:50:10+00:00","dateModified":"2023-07-03T14:59:16+00:00","description":"Our management team is made up of some of the most experienced professionals dealing with all facets of the manufacturing process.","breadcrumb":{"@id":"http:\/\/kouperfks.com\/fr\/organisation-gestion\/#breadcrumb"},"inLanguage":"fr-CA","potentialAction":[{"@type":"ReadAction","target":["http:\/\/kouperfks.com\/fr\/organisation-gestion\/"]}]},{"@type":"BreadcrumbList","@id":"http:\/\/kouperfks.com\/fr\/organisation-gestion\/#breadcrumb","itemListElement":[{"@type":"ListItem","position":1,"name":"Home","item":"http:\/\/kouperfks.com\/fr\/"},{"@type":"ListItem","position":2,"name":"ORGANISATION ET GESTION"}]},{"@type":"WebSite","@id":"http:\/\/kouperfks.com\/fr\/#website","url":"http:\/\/kouperfks.com\/fr\/","name":"INDUSTRIE KOUPER FKS","description":"","publisher":{"@id":"http:\/\/kouperfks.com\/fr\/#organization"},"potentialAction":[{"@type":"SearchAction","target":{"@type":"EntryPoint","urlTemplate":"http:\/\/kouperfks.com\/fr\/?s={search_term_string}"},"query-input":"required name=search_term_string"}],"inLanguage":"fr-CA"},{"@type":"Organization","@id":"http:\/\/kouperfks.com\/fr\/#organization","name":"INDUSTRIE KOUPER FKS","url":"http:\/\/kouperfks.com\/fr\/","logo":{"@type":"ImageObject","inLanguage":"fr-CA","@id":"http:\/\/kouperfks.com\/fr\/#\/schema\/logo\/image\/","url":"http:\/\/kouperfks.com\/fr\/wp-content\/uploads\/2023\/06\/logo1.png","contentUrl":"http:\/\/kouperfks.com\/fr\/wp-content\/uploads\/2023\/06\/logo1.png","width":250,"height":73,"caption":"INDUSTRIE KOUPER FKS"},"image":{"@id":"http:\/\/kouperfks.com\/fr\/#\/schema\/logo\/image\/"}}]}},"_links":{"self":[{"href":"http:\/\/kouperfks.com\/fr\/wp-json\/wp\/v2\/pages\/467","targetHints":{"allow":["GET"]}}],"collection":[{"href":"http:\/\/kouperfks.com\/fr\/wp-json\/wp\/v2\/pages"}],"about":[{"href":"http:\/\/kouperfks.com\/fr\/wp-json\/wp\/v2\/types\/page"}],"author":[{"embeddable":true,"href":"http:\/\/kouperfks.com\/fr\/wp-json\/wp\/v2\/users\/1"}],"replies":[{"embeddable":true,"href":"http:\/\/kouperfks.com\/fr\/wp-json\/wp\/v2\/comments?post=467"}],"version-history":[{"count":13,"href":"http:\/\/kouperfks.com\/fr\/wp-json\/wp\/v2\/pages\/467\/revisions"}],"predecessor-version":[{"id":804,"href":"http:\/\/kouperfks.com\/fr\/wp-json\/wp\/v2\/pages\/467\/revisions\/804"}],"wp:attachment":[{"href":"http:\/\/kouperfks.com\/fr\/wp-json\/wp\/v2\/media?parent=467"}],"curies":[{"name":"wp","href":"https:\/\/api.w.org\/{rel}","templated":true}]}}